{"id":1100,"date":"2025-08-12T21:52:10","date_gmt":"2025-08-13T00:52:10","guid":{"rendered":"https:\/\/fau.unt.edu.ar\/fau\/?page_id=1100"},"modified":"2025-10-15T11:11:54","modified_gmt":"2025-10-15T14:11:54","slug":"tecnicatura-universitaria-en-diseno-de-indumentaria-y-textil","status":"publish","type":"page","link":"https:\/\/fau.unt.edu.ar\/fau\/tecnicatura-universitaria-en-diseno-de-indumentaria-y-textil\/","title":{"rendered":"Tecnicatura Universitaria en Dise\u00f1o de Indumentaria y Textil"},"content":{"rendered":"\r\n<div class=\"vce-row-container\" data-vce-boxed-width=\"true\">\r\n<div id=\"el-477185fc\" class=\"vce-row vce-row--col-gap-30 vce-row-equal-height vce-row-content--top\" data-vce-do-apply=\"all el-477185fc\">\r\n<div class=\"vce-row-content\" data-vce-element-content=\"true\">\r\n\r\n\r\n<div id=\"el-fcce56be\" class=\"vce-col vce-col--md-auto vce-col--xs-1 vce-col--xs-last vce-col--xs-first vce-col--sm-last vce-col--sm-first vce-col--md-last vce-col--lg-last vce-col--xl-last vce-col--md-first vce-col--lg-first vce-col--xl-first\">\r\n<div class=\"vce-col-inner\" data-vce-do-apply=\"border margin background el-fcce56be\">\r\n<div class=\"vce-col-content\" data-vce-element-content=\"true\" data-vce-do-apply=\"padding el-fcce56be\">\r\n\r\n\r\n<div class=\"vce-text-block\">\r\n<div id=\"el-3b9dff57\" class=\"vce-text-block-wrapper vce\" data-vce-do-apply=\"all el-3b9dff57\">\r\n<h4><strong>I- Unidad Acad\u00e9mica<\/strong><\/h4>\r\n<strong>Facultad de Arquitectura y Urbanismo \u2013 Universidad Nacional de Tucum\u00e1n<\/strong>\r\n<h4><strong>II- Carrera<\/strong><\/h4>\r\n<strong>Tecnicatura Universitaria en Dise\u00f1o de Indumentaria y Textil<\/strong>\r\n<h4><strong>III- T\u00edtulo<\/strong><\/h4>\r\n<strong>T\u00e9cnico Dise\u00f1ador Universitario de Indumentaria y Textil<\/strong>\r\n\r\nD\u00edptico TUDIT 2026: <a href=\"https:\/\/fau.unt.edu.ar\/fau\/wp-content\/uploads\/2025\/10\/DipticoFAU-TUDIT-2026.pdf\">DipticoFAU TUDIT 2026<\/a>\r\n\r\nR\u00e9gimen de Cursado:\u00a0<strong>Presencial<\/strong>\r\n\r\nDuraci\u00f3n:\u00a0<strong>3 (tres) a\u00f1os, 6 (seis) semestres<\/strong>\r\n\r\nMaterias:\u00a0<strong>36<\/strong>\r\n\r\nCarga Horaria Total:\u00a0<strong>1860 hs.<\/strong>\r\n<h4><strong>IV- Fundamentaci\u00f3n de la carrera<\/strong><\/h4>\r\nEl Dise\u00f1o de Indumentaria es la actividad proyectual que se ocupa de los procedimientos fundados en la pr\u00e1ctica y la experiencia por medio de la cual los prop\u00f3sitos del vestir se traducen en formas concretas y consecuentes.\r\n\r\nEl proceso conducente hacia los objetos que constituyen el universo de la indumentaria tendr\u00e1n en cuenta las necesidades humanas, como as\u00ed tambi\u00e9n los aspectos t\u00e9cnicos, sociales y econ\u00f3micos pertenecientes a las modalidades productivas y culturales de la sociedad en la que se inscribe.\r\n\r\nLa Facultad de Arquitectura y Urbanismo de la Universidad Nacional de Tucum\u00e1n tiene la voluntad pol\u00edtica de la creaci\u00f3n de la Tecnicatura en Dise\u00f1o de Indumentaria y Textil, respondiendo a la identificaci\u00f3n de un \u00e1rea de vacancia en el sector. El rol de esta tecnicatura consiste en profesionalizar esta pr\u00e1ctica proponiendo la especialidad t\u00e9cnica de la misma.\r\n\r\nEl dise\u00f1o de indumentaria propone nuevos modos de pensar el cuerpo y sus relaciones espaciales. Redise\u00f1ar el cuerpo y el espacio significa tomar al textil como articulador de dos paisajes: cuerpo y contexto. Paisajes que encarnan cuestiones relativas a la identidad, al lenguaje mediante el cual se expresa una comunidad y sus v\u00ednculos.\r\n\r\nTucum\u00e1n es un polo de dise\u00f1o en nuestra regi\u00f3n. La mayor\u00eda de los dise\u00f1adores locales son autodidactas o provienen de disciplinas afines al dise\u00f1o como la arquitectura o las artes pl\u00e1sticas. La provincia cuenta con centros privados que ofrecen formaci\u00f3n espec\u00edfica en dise\u00f1o de moda.\r\n\r\nNuestra provincia es tambi\u00e9n un importante productor de textiles artesanales. Esta pr\u00e1ctica se encuentra escindida de la producci\u00f3n de los dise\u00f1adores locales, es por ello que una de las metas que esta tecnicatura pretende alcanzar es la integraci\u00f3n de esas t\u00e9cnicas a la producci\u00f3n de dise\u00f1o de indumentaria.\r\n\r\nEs as\u00ed que, la presente tecnicatura propone un cruce de disciplinas que dotar\u00e1 a la pedagog\u00eda y a la pr\u00e1ctica del dise\u00f1o de una identidad regional. Dise\u00f1ar el textil, la indumentaria y el espacio, entendi\u00e9ndolos como una continuidad, marca la pauta de trabajo que se convertir\u00e1 en la cualidad de nuestro programa y su sello distintivo.\r\n<h4><strong>V- Alcances del T\u00edtulo<\/strong><\/h4>\r\nEl t\u00edtulo de T\u00e9cnico Dise\u00f1ador Universitario de Indumentaria y Textil permitir\u00e1 intervenir y asistir a los profesionales que programan, proyectan, coordinan y organizan emprendimientos de dise\u00f1o de indumentaria y textil. Se capacitar\u00e1 a los estudiantes para gestionar proyectos de producci\u00f3n de indumentaria y textiles, participando en el dise\u00f1o y desarrollo de productos y art\u00edculos textiles y de indumentaria para la industria, el comercio y los servicios.\r\n\r\n<strong>Perfil del egresado<\/strong>\r\n\r\nEl egresado deber\u00e1 ser:\r\n\r\nCapaz de intervenir en la programaci\u00f3n, coordinaci\u00f3n y organizaci\u00f3n de las etapas del proceso de producci\u00f3n de indumentaria y textil.\r\nCapaz de desempe\u00f1arse en \u00e1reas de dise\u00f1o y producci\u00f3n de empresas que desarrollen indumentaria y textiles.\r\nCapaz de desarrollar productos de indumentaria y textil para la industria, el comercio y los servicios.\r\nCapaz de innovar y proponer nuevas soluciones a problem\u00e1ticas del dise\u00f1o de indumentaria y textil locales .\r\nCapaz de dirigir y ejecutar proyectos de dise\u00f1o de espacios ef\u00edmeros destinados a la producci\u00f3n y comercializaci\u00f3n de indumentaria.\r\n<h6><strong>VI- Objetivos<\/strong><\/h6>\r\n<strong>Objetivo General:<\/strong>\r\n\r\nFormar t\u00e9cnicos capaces de participar y contribuir en el dise\u00f1o y producci\u00f3n de indumentaria y textil, bas\u00e1ndose en requerimientos funcionales y est\u00e9ticos, por medio del reconocimiento y manejo de los c\u00f3digos que intervienen en su producci\u00f3n, a trav\u00e9s de la capacitaci\u00f3n t\u00e9cnica para la representaci\u00f3n e interpretaci\u00f3n gr\u00e1fica, confecci\u00f3n de prototipos, moldes, planificaci\u00f3n interna y gesti\u00f3n de empresas de dise\u00f1o, para insertarse en el mundo del dise\u00f1o de indumentaria y textil desde una perspectiva local con proyecci\u00f3n nacional e internacional.\r\n\r\n<strong>Objetivos espec\u00edficos:<\/strong>\r\n\r\nOfrecer m\u00e9todos y herramientas t\u00e9cnicas que permitan al egresado identificar y responder a las diferentes problem\u00e1ticas de la empresa de indumentaria y textil.\r\nBrindar conocimiento, experiencia y habilidades para intervenir en el dise\u00f1o de colecciones, prendas de vestir y accesorios de la producci\u00f3n de autor, industrial y para cine, teatro y televisi\u00f3n.\r\nPreparar t\u00e9cnicos id\u00f3neos capaces de realizar con solvencia t\u00e9cnica y est\u00e9tica los proyectos necesarios para la sustentabilidad, eficacia y competencia de la empresa de moda.\r\nCapacitar a dise\u00f1adores para participar en equipos interdisciplinarios de proyectos y producci\u00f3n.\r\nConcientizar sobre la conveniencia y necesidad de la inclusi\u00f3n de t\u00e9cnicos dise\u00f1adores de indumentaria y textil a las estructuras productivas, para agregar valor por medio de la generaci\u00f3n de un producto diferenciado.\r\n<h4><strong>VII- Requisitos de Ingreso<\/strong><\/h4>\r\nEl ingreso se regir\u00e1 por lo establecido por Resoluci\u00f3n N\u00ba 2056\/89 y por Resoluci\u00f3n N\u00ba 0819\/96 y de conformidad a lo expresado en el Art. 7\u00ba de la Ley N\u00ba 24.521 -Ley de Educaci\u00f3n Superior-:\r\n\r\n\u201cPara ingresar como alumno a las instituciones de nivel superior, se debe haber aprobado el nivel medio o el ciclo polimodal de ense\u00f1anza. Excepcionalmente, los mayores de 25 a\u00f1os que no re\u00fanan esa condici\u00f3n, podr\u00e1n ingresar siempre que demuestren, a trav\u00e9s de las evaluaciones que las provincias, la Municipalidad de la Ciudad de Buenos Aires o las universidades en su caso establezcan, que tienen preparaci\u00f3n y\/o experiencia laboral acorde con los estudios que se proponen iniciar, as\u00ed como aptitudes y conocimientos suficientes para cursarlos satisfactoriamente.\u201d\r\n<h4><strong>VIII- Plan de Estudios<\/strong><\/h4>\r\nLa tecnicatura en Dise\u00f1o de Indumentaria y Textil se organiza en 4 \u00e1reas de conocimiento. Se propone el cursado de 36 materias para completar un total de 1860 hs. entre clases te\u00f3ricas y pr\u00e1cticas.\r\n\r\nEl 1er a\u00f1o se enfocar\u00e1 en la adquisici\u00f3n de los conceptos b\u00e1sicos del dise\u00f1o, la cultura y la metodolog\u00eda proyectual en las tres \u00e1reas de la tecnicatura: indumentaria, textil y espacio.\r\n\r\nEn el 2do a\u00f1o se ense\u00f1ar\u00e1n las t\u00e9cnicas espec\u00edficas de dise\u00f1o: patronaje, ilustraci\u00f3n, historia, ergonom\u00eda y sociolog\u00eda, profundizando en las tres \u00e1reas mencionadas.\r\n\r\nEn el 3er a\u00f1o el alumno se especializar\u00e1 en un itinerario. Se llevar\u00e1 a cabo el proyecto final de carrera, que servir\u00e1 como carta de presentaci\u00f3n al mundo profesional.\r\n<h4><strong>1- \u00c1reas de Conocimiento<\/strong><\/h4>\r\n\u00c1rea Dise\u00f1o (AD): Taller de Dise\u00f1o \u2013 Morfolog\u00eda \u2013 Representaci\u00f3n \u2013 Ergonom\u00eda \u2013 Laboratorio Textil\r\n\u00c1rea Producci\u00f3n (AP): Molder\u00eda \u2013 T\u00e9cnicas de Producci\u00f3n \u2013 Materiales Textiles\r\n\u00c1rea Cultural(AC): Historia del Arte \u2013 Sociolog\u00eda \u2013 Filosof\u00eda\r\n\u00c1rea Gesti\u00f3n(AG): Comunicaci\u00f3n y Comercializaci\u00f3n \u2013 Gesti\u00f3n Empresarial \u2013 Costos y Planificaci\u00f3n\r\n<h4><strong>2. Metodolog\u00eda Pedag\u00f3gica<\/strong><\/h4>\r\nClases te\u00f3rico\/pr\u00e1cticas. Modalidad de talleres cuatrimestrales.\r\n\r\nLa tecnicatura est\u00e1 dise\u00f1ada desde la praxis de los procesos creativos y su verificaci\u00f3n en el contexto local, en un proceso donde pr\u00e1ctica y teor\u00eda se retroalimentan constantemente. Los conocimientos te\u00f3ricos servir\u00e1n de apoyo a los alumnos para el desarrollo de su propio lenguaje expresivo. El objetivo principal es brindar las herramientas necesarias para la creaci\u00f3n de una gram\u00e1tica de la indumentaria y del espacio, as\u00ed como tambi\u00e9n desarrollar los modos de comunicaci\u00f3n de los diferentes proyectos.\r\n\r\nLas clases te\u00f3ricas se plantear\u00e1n como retroalimentaci\u00f3n de la pr\u00e1ctica proyectual. La pr\u00e1ctica, junto a la investigaci\u00f3n de cada estudiante y las clases te\u00f3ricas, son las partes centrales de esta tecnicatura. Habr\u00e1 dos instancias de evaluaci\u00f3n una grupal y otra individual.\r\n\r\nSe prev\u00e9 una carga horaria semanal de 26 horas, a fin de permitir el cursado vespertino a personas que trabajan.\r\n<h4><strong>3. R\u00e9gimen de cursado y sistema de evaluaci\u00f3n<\/strong><\/h4>\r\nTodas las materias ser\u00e1n de car\u00e1cter\u00a0<strong>promocional<\/strong>.\r\nCursado presencial\u00a0<strong>te\u00f3rico-pr\u00e1ctico<\/strong>.\r\nAprobaci\u00f3n de ejercicios espec\u00edficos y de aplicaci\u00f3n proyectual.\r\nPromoci\u00f3n con nota m\u00ednima de\u00a0<strong>6 puntos.<\/strong>\r\n\r\n<\/div>\r\n<\/div>\r\n\r\n\r\n<\/div>\r\n<\/div>\r\n<\/div>\r\n\r\n\r\n<\/div>\r\n<\/div>\r\n<\/div>\r\n\r\n<div class=\"vce-row-container\" data-vce-boxed-width=\"true\">\r\n<div id=\"el-4ba06209\" class=\"vce-row vce-row--col-gap-30 vce-row-equal-height vce-row-content--top\" data-vce-do-apply=\"all el-4ba06209\">\r\n<div class=\"vce-row-content\" data-vce-element-content=\"true\">\r\n\r\n\r\n<div id=\"el-38ab9d58\" class=\"vce-col vce-col--md-auto vce-col--xs-1 vce-col--xs-last vce-col--xs-first vce-col--sm-last vce-col--sm-first vce-col--md-last vce-col--lg-last vce-col--xl-last vce-col--md-first vce-col--lg-first vce-col--xl-first\">\r\n<div class=\"vce-col-inner\" data-vce-do-apply=\"border margin background el-38ab9d58\">\r\n<div class=\"vce-col-content\" data-vce-element-content=\"true\" data-vce-do-apply=\"padding el-38ab9d58\">\r\n\r\n\r\n<div class=\"vce-image-gallery vce-image-gallery--gap-10 vce-image-gallery--columns-3\">\r\n<div id=\"el-98efe02c\" class=\"vce-image-gallery-wrapper vce\" data-vce-do-apply=\"all el-98efe02c\">\r\n<div class=\"vce-image-gallery-list\">\r\n<div class=\"vce-image-gallery-item\">\r\n<figure class=\"vce-image-gallery-item-inner-wrapper\"><a class=\"vce-image-gallery-item-inner\" href=\"https:\/\/fau.unt.edu.ar\/fau\/wp-content\/uploads\/2025\/08\/tudit-01.jpg\" data-lightbox=\"lightbox-98efe02c\"><img decoding=\"async\" class=\"vce-image-gallery-img\" title=\"tudit-01\" src=\"https:\/\/fau.unt.edu.ar\/fau\/wp-content\/uploads\/2025\/08\/tudit-01-1024x683.jpg\" alt=\"\" \/><\/a><\/figure>\r\n<\/div>\r\n<div class=\"vce-image-gallery-item\">\r\n<figure class=\"vce-image-gallery-item-inner-wrapper\"><a class=\"vce-image-gallery-item-inner\" href=\"https:\/\/fau.unt.edu.ar\/fau\/wp-content\/uploads\/2025\/08\/tudit-02.jpg\" data-lightbox=\"lightbox-98efe02c\"><img decoding=\"async\" class=\"vce-image-gallery-img\" title=\"tudit-02\" src=\"https:\/\/fau.unt.edu.ar\/fau\/wp-content\/uploads\/2025\/08\/tudit-02-1024x683.jpg\" alt=\"\" \/><\/a><\/figure>\r\n<\/div>\r\n<div class=\"vce-image-gallery-item\">\r\n<figure class=\"vce-image-gallery-item-inner-wrapper\"><a class=\"vce-image-gallery-item-inner\" href=\"https:\/\/fau.unt.edu.ar\/fau\/wp-content\/uploads\/2025\/08\/tudit-03.jpg\" data-lightbox=\"lightbox-98efe02c\"><img decoding=\"async\" class=\"vce-image-gallery-img\" title=\"tudit-03\" src=\"https:\/\/fau.unt.edu.ar\/fau\/wp-content\/uploads\/2025\/08\/tudit-03-1024x622.jpg\" alt=\"\" \/><\/a><\/figure>\r\n<\/div>\r\n<div class=\"vce-image-gallery-item\">\r\n<figure class=\"vce-image-gallery-item-inner-wrapper\"><a class=\"vce-image-gallery-item-inner\" href=\"https:\/\/fau.unt.edu.ar\/fau\/wp-content\/uploads\/2025\/08\/tudit-04.jpg\" data-lightbox=\"lightbox-98efe02c\"><img decoding=\"async\" class=\"vce-image-gallery-img\" title=\"tudit-04\" src=\"https:\/\/fau.unt.edu.ar\/fau\/wp-content\/uploads\/2025\/08\/tudit-04-1024x685.jpg\" alt=\"\" \/><\/a><\/figure>\r\n<\/div>\r\n<div class=\"vce-image-gallery-item\">\r\n<figure class=\"vce-image-gallery-item-inner-wrapper\"><a class=\"vce-image-gallery-item-inner\" href=\"https:\/\/fau.unt.edu.ar\/fau\/wp-content\/uploads\/2025\/08\/tudit-05.jpg\" data-lightbox=\"lightbox-98efe02c\"><img decoding=\"async\" class=\"vce-image-gallery-img\" title=\"tudit-05\" src=\"https:\/\/fau.unt.edu.ar\/fau\/wp-content\/uploads\/2025\/08\/tudit-05-1024x685.jpg\" alt=\"\" \/><\/a><\/figure>\r\n<\/div>\r\n<div class=\"vce-image-gallery-item\">\r\n<figure class=\"vce-image-gallery-item-inner-wrapper\"><a class=\"vce-image-gallery-item-inner\" href=\"https:\/\/fau.unt.edu.ar\/fau\/wp-content\/uploads\/2025\/08\/tudit-06.jpg\" data-lightbox=\"lightbox-98efe02c\"><img decoding=\"async\" class=\"vce-image-gallery-img\" title=\"tudit-06\" src=\"https:\/\/fau.unt.edu.ar\/fau\/wp-content\/uploads\/2025\/08\/tudit-06-1024x755.jpg\" alt=\"\" \/><\/a><\/figure>\r\n<\/div>\r\n<div class=\"vce-image-gallery-item\">\r\n<figure class=\"vce-image-gallery-item-inner-wrapper\"><a class=\"vce-image-gallery-item-inner\" href=\"https:\/\/fau.unt.edu.ar\/fau\/wp-content\/uploads\/2025\/08\/tudit-07.jpg\" data-lightbox=\"lightbox-98efe02c\"><img decoding=\"async\" class=\"vce-image-gallery-img\" title=\"tudit-07\" src=\"https:\/\/fau.unt.edu.ar\/fau\/wp-content\/uploads\/2025\/08\/tudit-07-1024x683.jpg\" alt=\"\" \/><\/a><\/figure>\r\n<\/div>\r\n<\/div>\r\n<\/div>\r\n<\/div>\r\n\r\n\r\n<\/div>\r\n<\/div>\r\n<\/div>\r\n\r\n\r\n<\/div>\r\n<\/div>\r\n<\/div>\r\n\n","protected":false},"excerpt":{"rendered":"<p>I- Unidad Acad\u00e9mica Facultad de Arquitectura y Urbanismo \u2013 Universidad Nacional de Tucum\u00e1n II- Carrera Tecnicatura Universitaria en Dise\u00f1o de Indumentaria y Textil III- T\u00edtulo T\u00e9cnico Dise\u00f1ador Universitario de Indumentaria y Textil D\u00edptico TUDIT 2026: DipticoFAU TUDIT 2026 R\u00e9gimen de Cursado:\u00a0Presencial Duraci\u00f3n:\u00a03 (tres) a\u00f1os, 6 (seis) semestres Materias:\u00a036 Carga Horaria Total:\u00a01860 hs. IV- Fundamentaci\u00f3n de [&hellip;]<\/p>\n","protected":false},"author":2,"featured_media":1108,"parent":0,"menu_order":0,"comment_status":"closed","ping_status":"closed","template":"","meta":{"_uag_custom_page_level_css":"","footnotes":""},"class_list":["post-1100","page","type-page","status-publish","has-post-thumbnail","hentry"],"uagb_featured_image_src":{"full":["https:\/\/fau.unt.edu.ar\/fau\/wp-content\/uploads\/2025\/08\/tudit.jpg",1200,360,false],"thumbnail":["https:\/\/fau.unt.edu.ar\/fau\/wp-content\/uploads\/2025\/08\/tudit-150x150.jpg",150,150,true],"medium":["https:\/\/fau.unt.edu.ar\/fau\/wp-content\/uploads\/2025\/08\/tudit-300x90.jpg",300,90,true],"medium_large":["https:\/\/fau.unt.edu.ar\/fau\/wp-content\/uploads\/2025\/08\/tudit-768x230.jpg",768,230,true],"large":["https:\/\/fau.unt.edu.ar\/fau\/wp-content\/uploads\/2025\/08\/tudit-1024x307.jpg",900,270,true],"1536x1536":["https:\/\/fau.unt.edu.ar\/fau\/wp-content\/uploads\/2025\/08\/tudit.jpg",1200,360,false],"2048x2048":["https:\/\/fau.unt.edu.ar\/fau\/wp-content\/uploads\/2025\/08\/tudit.jpg",1200,360,false],"320w":["https:\/\/fau.unt.edu.ar\/fau\/wp-content\/uploads\/2025\/08\/tudit-320x96.jpg",320,96,true],"480w":["https:\/\/fau.unt.edu.ar\/fau\/wp-content\/uploads\/2025\/08\/tudit-480x144.jpg",480,144,true],"800w":["https:\/\/fau.unt.edu.ar\/fau\/wp-content\/uploads\/2025\/08\/tudit-800x240.jpg",800,240,true]},"uagb_author_info":{"display_name":"c2860607","author_link":"https:\/\/fau.unt.edu.ar\/fau\/author\/c2860607\/"},"uagb_comment_info":0,"uagb_excerpt":"I- Unidad Acad\u00e9mica Facultad de Arquitectura y Urbanismo \u2013 Universidad Nacional de Tucum\u00e1n II- Carrera Tecnicatura Universitaria en Dise\u00f1o de Indumentaria y Textil III- T\u00edtulo T\u00e9cnico Dise\u00f1ador Universitario de Indumentaria y Textil D\u00edptico TUDIT 2026: DipticoFAU TUDIT 2026 R\u00e9gimen de Cursado:\u00a0Presencial Duraci\u00f3n:\u00a03 (tres) a\u00f1os, 6 (seis) semestres Materias:\u00a036 Carga Horaria Total:\u00a01860 hs. IV- Fundamentaci\u00f3n de&hellip;","_links":{"self":[{"href":"https:\/\/fau.unt.edu.ar\/fau\/wp-json\/wp\/v2\/pages\/1100","targetHints":{"allow":["GET"]}}],"collection":[{"href":"https:\/\/fau.unt.edu.ar\/fau\/wp-json\/wp\/v2\/pages"}],"about":[{"href":"https:\/\/fau.unt.edu.ar\/fau\/wp-json\/wp\/v2\/types\/page"}],"author":[{"embeddable":true,"href":"https:\/\/fau.unt.edu.ar\/fau\/wp-json\/wp\/v2\/users\/2"}],"replies":[{"embeddable":true,"href":"https:\/\/fau.unt.edu.ar\/fau\/wp-json\/wp\/v2\/comments?post=1100"}],"version-history":[{"count":4,"href":"https:\/\/fau.unt.edu.ar\/fau\/wp-json\/wp\/v2\/pages\/1100\/revisions"}],"predecessor-version":[{"id":1931,"href":"https:\/\/fau.unt.edu.ar\/fau\/wp-json\/wp\/v2\/pages\/1100\/revisions\/1931"}],"wp:featuredmedia":[{"embeddable":true,"href":"https:\/\/fau.unt.edu.ar\/fau\/wp-json\/wp\/v2\/media\/1108"}],"wp:attachment":[{"href":"https:\/\/fau.unt.edu.ar\/fau\/wp-json\/wp\/v2\/media?parent=1100"}],"curies":[{"name":"wp","href":"https:\/\/api.w.org\/{rel}","templated":true}]}}